{"id":85,"date":"2021-09-20T13:39:45","date_gmt":"2021-09-20T11:39:45","guid":{"rendered":"https:\/\/www.scholz-ctc.de\/?page_id=85"},"modified":"2021-09-20T13:39:45","modified_gmt":"2021-09-20T11:39:45","slug":"kunden","status":"publish","type":"page","link":"https:\/\/www.scholz-ctc.de\/en\/kunden\/","title":{"rendered":"Kunden"},"content":{"rendered":"<h3 class=\"wp-block-heading\" id=\"u2628-2\">Hochschulen (national)<\/h3>\n\n\n\n<p>Wir arbeiten mit unterschiedlichen Hochschularten zusammen, darunter<\/p>\n\n\n\n<p>3 Hochschulen f\u00fcr Angewandte Wissenschaften, 5 Universit\u00e4tsklinika,<\/p>\n\n\n\n<p>1 Sporthochschule, 11 Technische Universit\u00e4ten und 45 Volluniversit\u00e4ten.<\/p>\n\n\n\n<h3 class=\"wp-block-heading\" id=\"u2628-11\">Hochschulen (international)<\/h3>\n\n\n\n<p>Zu unseren Kunden auf internationaler Ebene z\u00e4hlen bislang 10 Universit\u00e4ten im Ausland in Italien, Luxemburg, Malaysia, \u00d6sterreich, Saudi Arabien, der Schweiz und den Vereinigten Staaten.<\/p>\n\n\n\n<h3 class=\"wp-block-heading\" id=\"u2628-16\">Forschungsf\u00f6rderung und Au\u00dferuniversit\u00e4re Forschungseinrichtungen<\/h3>\n\n\n\n<h3 class=\"wp-block-heading\" id=\"u2628-18\">(national und international)<\/h3>\n\n\n\n<h3 class=\"wp-block-heading\" id=\"u2628-20\">Bislang haben wir Leistungen f\u00fcr 22 forschungsf\u00f6rdernde und au\u00dfer-universit\u00e4re Wissenschaftsorganisationen in Deutschland, 3 deutsche Einrichtungen in Italien, Japan und Polen sowie 10 Institutionen im Ausland in Belgien, der Tschechischen Republik, Irland, Luxemburg, Portugal, Schweden und den Vereinigten Staaten erbracht.<\/h3>\n\n\n\n<h3 class=\"wp-block-heading\" id=\"u2628-23\">Wissenschaftspolitische Einrichtungen<\/h3>\n\n\n\n<p>Mit politikberatenden Aktivit\u00e4ten haben wir bisher 5 Institutionen in Deutschland und 3 Einrichtungen international unterst\u00fctzt, die in Belgien, Irland bzw. den Vereinigten Staaten t\u00e4tig sind, sowie 6 supranationale oder internationale Organisationen in Belgien und Frankreich, darunter die Europ\u00e4ische Kommission und die OECD.<\/p>","protected":false},"excerpt":{"rendered":"<p>Hochschulen (national) Wir arbeiten mit unterschiedlichen Hochschularten zusammen, darunter 3 Hochschulen f\u00fcr Angewandte Wissenschaften, 5 Universit\u00e4tsklinika, 1 Sporthochschule, 11 Technische Universit\u00e4ten und 45 Volluniversit\u00e4ten. Hochschulen (international) Zu unseren Kunden auf internationaler Ebene z\u00e4hlen bislang 10 Universit\u00e4ten im Ausland in Italien, Luxemburg, Malaysia, \u00d6sterreich, Saudi Arabien, der Schweiz und den Vereinigten Staaten. Forschungsf\u00f6rderung und Au\u00dferuniversit\u00e4re Forschungseinrichtungen [&hellip;]<\/p>\n","protected":false},"author":1,"featured_media":0,"parent":0,"menu_order":0,"comment_status":"closed","ping_status":"closed","template":"","meta":{"footnotes":""},"class_list":["post-85","page","type-page","status-publish","hentry"],"blocksy_meta":[],"_links":{"self":[{"href":"https:\/\/www.scholz-ctc.de\/en\/wp-json\/wp\/v2\/pages\/85","targetHints":{"allow":["GET"]}}],"collection":[{"href":"https:\/\/www.scholz-ctc.de\/en\/wp-json\/wp\/v2\/pages"}],"about":[{"href":"https:\/\/www.scholz-ctc.de\/en\/wp-json\/wp\/v2\/types\/page"}],"author":[{"embeddable":true,"href":"https:\/\/www.scholz-ctc.de\/en\/wp-json\/wp\/v2\/users\/1"}],"replies":[{"embeddable":true,"href":"https:\/\/www.scholz-ctc.de\/en\/wp-json\/wp\/v2\/comments?post=85"}],"version-history":[{"count":1,"href":"https:\/\/www.scholz-ctc.de\/en\/wp-json\/wp\/v2\/pages\/85\/revisions"}],"predecessor-version":[{"id":86,"href":"https:\/\/www.scholz-ctc.de\/en\/wp-json\/wp\/v2\/pages\/85\/revisions\/86"}],"wp:attachment":[{"href":"https:\/\/www.scholz-ctc.de\/en\/wp-json\/wp\/v2\/media?parent=85"}],"curies":[{"name":"wp","href":"https:\/\/api.w.org\/{rel}","templated":true}]}}