{"id":520,"date":"2025-03-26T19:23:10","date_gmt":"2025-03-26T18:23:10","guid":{"rendered":"https:\/\/www.scholz-ctc.de\/?page_id=520"},"modified":"2025-03-26T19:44:51","modified_gmt":"2025-03-26T18:44:51","slug":"about-us-3","status":"publish","type":"page","link":"https:\/\/www.scholz-ctc.de\/en\/about-us-3\/","title":{"rendered":"Team"},"content":{"rendered":"<div data-elementor-type=\"wp-page\" data-elementor-id=\"520\" class=\"elementor elementor-520\">\n\t\t\t\t\t\t<section class=\"elementor-section elementor-top-section elementor-element elementor-element-0717564 ct-section-stretched elementor-section-boxed elementor-section-height-default elementor-section-height-default\" data-id=\"0717564\" data-element_type=\"section\" data-settings=\"{&quot;background_background&quot;:&quot;classic&quot;}\">\n\t\t\t\t\t\t<div class=\"elementor-container elementor-column-gap-default\">\n\t\t\t\t\t<div class=\"elementor-column elementor-col-100 elementor-top-column elementor-element elementor-element-fd58751\" data-id=\"fd58751\" data-element_type=\"column\">\n\t\t\t<div class=\"elementor-widget-wrap elementor-element-populated\">\n\t\t\t\t\t\t<div class=\"elementor-element elementor-element-be03177 elementor-widget elementor-widget-heading\" data-id=\"be03177\" data-element_type=\"widget\" data-widget_type=\"heading.default\">\n\t\t\t\t<div class=\"elementor-widget-container\">\n\t\t\t\t\t<h2 class=\"elementor-heading-title elementor-size-default\">Team<\/h2>\t\t\t\t<\/div>\n\t\t\t\t<\/div>\n\t\t\t\t<div class=\"elementor-element elementor-element-75d494f elementor-widget__width-initial elementor-widget-tablet__width-inherit elementor-widget elementor-widget-text-editor\" data-id=\"75d494f\" data-element_type=\"widget\" data-widget_type=\"text-editor.default\">\n\t\t\t\t<div class=\"elementor-widget-container\">\n\t\t\t\t\t\t\t\t\t<p>Lorem ipsum dolor sit amet, consectetur adipiscing elit. Ut elit tellus, luctus nec ullamcorper mattis, pulvinar dapibus leo.<\/p>\t\t\t\t\t\t\t\t<\/div>\n\t\t\t\t<\/div>\n\t\t\t\t\t<\/div>\n\t\t<\/div>\n\t\t\t\t\t<\/div>\n\t\t<\/section>\n\t\t\t\t<section class=\"elementor-section elementor-top-section elementor-element elementor-element-5ab62da elementor-section-boxed elementor-section-height-default elementor-section-height-default\" data-id=\"5ab62da\" data-element_type=\"section\">\n\t\t\t\t\t\t<div class=\"elementor-container elementor-column-gap-default\">\n\t\t\t\t\t<div class=\"elementor-column elementor-col-100 elementor-top-column elementor-element elementor-element-849e886\" data-id=\"849e886\" data-element_type=\"column\">\n\t\t\t<div class=\"elementor-widget-wrap elementor-element-populated\">\n\t\t\t\t\t\t<div class=\"elementor-element elementor-element-b2a9ec4 elementor-widget elementor-widget-text-editor\" data-id=\"b2a9ec4\" data-element_type=\"widget\" data-widget_type=\"text-editor.default\">\n\t\t\t\t<div class=\"elementor-widget-container\">\n\t\t\t\t\t\t\t\t\t<p>Lorem ipsum dolor sit amet, consectetur adipiscing elit. Ut elit tellus, luctus nec ullamcorper mattis, pulvinar dapibus leo.<\/p>\t\t\t\t\t\t\t\t<\/div>\n\t\t\t\t<\/div>\n\t\t\t\t\t<\/div>\n\t\t<\/div>\n\t\t\t\t\t<\/div>\n\t\t<\/section>\n\t\t\t\t<section class=\"elementor-section elementor-top-section elementor-element elementor-element-f5aecf6 elementor-section-boxed elementor-section-height-default elementor-section-height-default\" data-id=\"f5aecf6\" data-element_type=\"section\">\n\t\t\t\t\t\t<div class=\"elementor-container elementor-column-gap-default\">\n\t\t\t\t\t<div class=\"elementor-column elementor-col-100 elementor-top-column elementor-element elementor-element-1cbcd27\" data-id=\"1cbcd27\" data-element_type=\"column\">\n\t\t\t<div class=\"elementor-widget-wrap elementor-element-populated\">\n\t\t\t\t\t\t<div class=\"elementor-element elementor-element-64b4abe elementor-widget elementor-widget-heading\" data-id=\"64b4abe\" data-element_type=\"widget\" data-widget_type=\"heading.default\">\n\t\t\t\t<div class=\"elementor-widget-container\">\n\t\t\t\t\t<h2 class=\"elementor-heading-title elementor-size-default\">Dr Beate Scholz<\/h2>\t\t\t\t<\/div>\n\t\t\t\t<\/div>\n\t\t\t\t<div class=\"elementor-element elementor-element-50938c4 elementor-widget elementor-widget-text-editor\" data-id=\"50938c4\" data-element_type=\"widget\" data-widget_type=\"text-editor.default\">\n\t\t\t\t<div class=\"elementor-widget-container\">\n\t\t\t\t\t\t\t\t\t<p><em>Gr\u00fcnderin und gesch\u00e4ftsf\u00fchrende Gesellschafterin von Scholz CTC GmbH<\/em><\/p>\t\t\t\t\t\t\t\t<\/div>\n\t\t\t\t<\/div>\n\t\t\t\t<div class=\"elementor-element elementor-element-e3c4d1e elementor-widget elementor-widget-text-editor\" data-id=\"e3c4d1e\" data-element_type=\"widget\" data-widget_type=\"text-editor.default\">\n\t\t\t\t<div class=\"elementor-widget-container\">\n\t\t\t\t\t\t\t\t\t<ul><li>Strategie- und Politikberatung zu Wissenschaftskarrieren, Entwicklung von For-schungsschwerpunkten, Wissenschafts- und Forschungsf\u00f6rderung, Begutachtung und wissenschaftlicher Leistungsbewertung, Diversit\u00e4t und Chancengerechtigkeit<\/li><li>Evaluation and assessment of individual and collaborative funding applications as part of review committees<\/li><li>Training and career advice on the development of research careers<\/li><li>Begutachtungscoaching in Exzellenzwettbewerben<\/li><li>Invited expert at national and international (research) organisations<\/li><li>Design and facilitation of national and international   conferences and workshops<\/li><li>Forschungsaktivit\u00e4ten zur Promotion weltweit, Karriereverl\u00e4ufen, Intellectual risk ta-king<\/li><\/ul>\t\t\t\t\t\t\t\t<\/div>\n\t\t\t\t<\/div>\n\t\t\t\t<div class=\"elementor-element elementor-element-774a0f1 elementor-widget elementor-widget-text-editor\" data-id=\"774a0f1\" data-element_type=\"widget\" data-widget_type=\"text-editor.default\">\n\t\t\t\t<div class=\"elementor-widget-container\">\n\t\t\t\t\t\t\t\t\t<p><em>Werdegang:<\/em> Dr. Beate Scholz ist Gesch\u00e4ftsf\u00fchrende Gesellschafterin der Scholz CTC GmbH. Sie arbeitet seit 2003 international als Strategieberaterin, Trainerin, Karriere-Coach, Expertin und Gutachterin in Hochschulen, Forschungseinrichtungen und Wissenschaftsorga-nisationen. Bis zu ihrer Firmengr\u00fcndung im Jahr 2008 war sie 12 Jahre f\u00fcr die Deutsche For-schungsgemeinschaft t\u00e4tig, wo sie den Bereich \u201aF\u00f6rderung wissenschaftlicher Karrieren im nationalen und internationalen Kontext\u2019 aufbaute und 8 Jahre lang leitete. Beate Scholz ist seit mehr als 20 Jahren als Gutachterin und Expertin f\u00fcr Wissenschaftsorganisationen im In- und Ausland u.a. f\u00fcr die Europ\u00e4ische Kommission t\u00e4tig. Sie hat alleine und im Verbund mit anderen erfolgreich F\u00f6rdermittel eingeworben u.a. bei der Europ\u00e4ischen Kommission im Marie Sk\u0142o-dowska-Curie-Programm und der VolkswagenStiftung. Wissenschaftlich arbeitet sie vor allem zu den Themen \u201aValue-based Doctoral Education\u2019, \u201aIntellectual Risk Taking\u2019, \u201aCareer Tracking of Researchers\u2019 sowie \u201aIndividualising peer review and merit assessment\u2019. Sie hat in Neuerer Italienischer Geschichte an der Universit\u00e4t Trier promoviert nach einem Magisterabschluss in Geschichte, Politikwissenschaft, VWL. Zudem verf\u00fcgt sie \u00fcber internationale Forschungs- und Studienerfahrung in England, Italien und \u00d6sterreich.<\/p>\t\t\t\t\t\t\t\t<\/div>\n\t\t\t\t<\/div>\n\t\t\t\t\t<\/div>\n\t\t<\/div>\n\t\t\t\t\t<\/div>\n\t\t<\/section>\n\t\t\t\t<section class=\"elementor-section elementor-top-section elementor-element elementor-element-d461f7c elementor-section-boxed elementor-section-height-default elementor-section-height-default\" data-id=\"d461f7c\" data-element_type=\"section\">\n\t\t\t\t\t\t<div class=\"elementor-container elementor-column-gap-default\">\n\t\t\t\t\t<div class=\"elementor-column elementor-col-100 elementor-top-column elementor-element elementor-element-4b426b0\" data-id=\"4b426b0\" data-element_type=\"column\">\n\t\t\t<div class=\"elementor-widget-wrap elementor-element-populated\">\n\t\t\t\t\t\t<div class=\"elementor-element elementor-element-709dce8 elementor-widget elementor-widget-heading\" data-id=\"709dce8\" data-element_type=\"widget\" data-widget_type=\"heading.default\">\n\t\t\t\t<div class=\"elementor-widget-container\">\n\t\t\t\t\t<h2 class=\"elementor-heading-title elementor-size-default\">Dr Matthias Scholz<\/h2>\t\t\t\t<\/div>\n\t\t\t\t<\/div>\n\t\t\t\t<div class=\"elementor-element elementor-element-7dbe1bb elementor-widget elementor-widget-text-editor\" data-id=\"7dbe1bb\" data-element_type=\"widget\" data-widget_type=\"text-editor.default\">\n\t\t\t\t<div class=\"elementor-widget-container\">\n\t\t\t\t\t\t\t\t\t<p><em>Managing Director<\/em><\/p>\t\t\t\t\t\t\t\t<\/div>\n\t\t\t\t<\/div>\n\t\t\t\t<div class=\"elementor-element elementor-element-95f495f elementor-widget elementor-widget-text-editor\" data-id=\"95f495f\" data-element_type=\"widget\" data-widget_type=\"text-editor.default\">\n\t\t\t\t<div class=\"elementor-widget-container\">\n\t\t\t\t\t\t\t\t\t<ul><li>F\u00fchrungscoaching f\u00fcr Personen in Wissenschaft und Wissenschaftsmanagemen<\/li><li>Coaching for individuals in application processes and advice for institutions on appointment and selection processes<\/li><li>Review coaching for individuals and consortia<\/li><li>Training and coaching to prepare for interim and tenure evaluations<\/li><li>Training to supervise doctoral candidates<\/li><li>Design and facilitation of conferences and workshops<\/li><li>Development of HR strategies and introduction of HR tools<\/li><li>Beratung und Mediation von F\u00fchrungs- oder Organisationskonflikten<\/li><li>Advice on the introduction of strategies and measures to prevent abuse of power and harassment<\/li><\/ul>\t\t\t\t\t\t\t\t<\/div>\n\t\t\t\t<\/div>\n\t\t\t\t<div class=\"elementor-element elementor-element-ffe3ebe elementor-widget elementor-widget-text-editor\" data-id=\"ffe3ebe\" data-element_type=\"widget\" data-widget_type=\"text-editor.default\">\n\t\t\t\t<div class=\"elementor-widget-container\">\n\t\t\t\t\t\t\t\t\t<p><em>Werdegang:<\/em> Dr. Matthias Scholz ist seit 2020 Gesch\u00e4ftsf\u00fchrender Gesellschafter der Scholz CTC GmbH. Zuvor war er bei einer deutschen Gro\u00dfbank t\u00e4tig und danach mehr als zwanzig Jahre bei einem gro\u00dfen Tr\u00e4ger im Sozial- und Gesundheitsbereich mit insgesamt rund 35.000 Mitarbeitenden in verschiedenen verantwortlichen Positionen in Personalmanagement und Personalentwicklung, davon die letzten 12 Jahre als Gesamtpersonalverantwortlicher. Er ist seit rund 10 Jahren als Gutachter f\u00fcr die Akkreditierung und Reakkreditierung von Studieng\u00e4ngen in katholischer Theologie f\u00fcr die Agentur f\u00fcr Qualit\u00e4tssicherung und Akkreditierung kanonischer Studieng\u00e4nge in Deutschland e.V. (AKAST) t\u00e4tig. Er hat Katholische Theologie und Geschichte studiert und wurde mit einer Arbeit in Neuester Kirchengeschichte an der Universit\u00e4t M\u00fcnster promoviert. An der Hochschule Osnabr\u00fcck hat er eine Dozentent\u00e4tigkeit f\u00fcr Personalwesen ausge\u00fcbt. Er ist ausgebildeter Coach und Mediator.<\/p>\t\t\t\t\t\t\t\t<\/div>\n\t\t\t\t<\/div>\n\t\t\t\t\t<\/div>\n\t\t<\/div>\n\t\t\t\t\t<\/div>\n\t\t<\/section>\n\t\t\t\t<section class=\"elementor-section elementor-top-section elementor-element elementor-element-f3c9f58 elementor-section-boxed elementor-section-height-default elementor-section-height-default\" data-id=\"f3c9f58\" data-element_type=\"section\">\n\t\t\t\t\t\t<div class=\"elementor-container elementor-column-gap-default\">\n\t\t\t\t\t<div class=\"elementor-column elementor-col-100 elementor-top-column elementor-element elementor-element-9e6c478\" data-id=\"9e6c478\" data-element_type=\"column\">\n\t\t\t<div class=\"elementor-widget-wrap elementor-element-populated\">\n\t\t\t\t\t\t<div class=\"elementor-element elementor-element-6be0570 elementor-widget elementor-widget-heading\" data-id=\"6be0570\" data-element_type=\"widget\" data-widget_type=\"heading.default\">\n\t\t\t\t<div class=\"elementor-widget-container\">\n\t\t\t\t\t<h2 class=\"elementor-heading-title elementor-size-default\">Dr. B\u00e4rbel Elija Bleher<\/h2>\t\t\t\t<\/div>\n\t\t\t\t<\/div>\n\t\t\t\t<div class=\"elementor-element elementor-element-958f61a elementor-widget elementor-widget-text-editor\" data-id=\"958f61a\" data-element_type=\"widget\" data-widget_type=\"text-editor.default\">\n\t\t\t\t<div class=\"elementor-widget-container\">\n\t\t\t\t\t\t\t\t\t<p><em>Part-time collaborator<\/em><\/p>\t\t\t\t\t\t\t\t<\/div>\n\t\t\t\t<\/div>\n\t\t\t\t<div class=\"elementor-element elementor-element-d733df9 elementor-widget elementor-widget-text-editor\" data-id=\"d733df9\" data-element_type=\"widget\" data-widget_type=\"text-editor.default\">\n\t\t\t\t<div class=\"elementor-widget-container\">\n\t\t\t\t\t\t\t\t\t<ul><li>Trainings with focus on researchers\u2019 career development, acquisition of third-party funding and development of a research profile<\/li><li>Career counselling of researchers<\/li><\/ul>\t\t\t\t\t\t\t\t<\/div>\n\t\t\t\t<\/div>\n\t\t\t\t<div class=\"elementor-element elementor-element-1dd699f elementor-widget elementor-widget-text-editor\" data-id=\"1dd699f\" data-element_type=\"widget\" data-widget_type=\"text-editor.default\">\n\t\t\t\t<div class=\"elementor-widget-container\">\n\t\t\t\t\t\t\t\t\t<p><em>Werdegang:<\/em> Dr. B\u00e4rbel Elija Bleher ist promovierte Biologin mit mehrj\u00e4hriger Ausland-serfahrung in S\u00fcd- sowie Ostafrika. Als Mitarbeiterin der Scholz CTC GmbH f\u00fchrt sie seit mehr als 10 Jahren in Nebent\u00e4tigkeit Workshops und Coachings durch. Hauptberuflich leitet sie das IFU Graduate Programme f\u00fcr Promovierende und Postdocs am Institut f\u00fcr Meteorologie und Klimaforschung \u2013 Atmosph\u00e4rische Umweltforschung des Karlsruher Instituts f\u00fcr Technologie in Garmisch-Partenkirchen.<\/p>\t\t\t\t\t\t\t\t<\/div>\n\t\t\t\t<\/div>\n\t\t\t\t\t<\/div>\n\t\t<\/div>\n\t\t\t\t\t<\/div>\n\t\t<\/section>\n\t\t\t\t<section class=\"elementor-section elementor-top-section elementor-element elementor-element-80df623 elementor-section-boxed elementor-section-height-default elementor-section-height-default\" data-id=\"80df623\" data-element_type=\"section\">\n\t\t\t\t\t\t<div class=\"elementor-container elementor-column-gap-default\">\n\t\t\t\t\t<div class=\"elementor-column elementor-col-100 elementor-top-column elementor-element elementor-element-a80c7c6\" data-id=\"a80c7c6\" data-element_type=\"column\">\n\t\t\t<div class=\"elementor-widget-wrap elementor-element-populated\">\n\t\t\t\t\t\t<div class=\"elementor-element elementor-element-41b0696 elementor-widget elementor-widget-heading\" data-id=\"41b0696\" data-element_type=\"widget\" data-widget_type=\"heading.default\">\n\t\t\t\t<div class=\"elementor-widget-container\">\n\t\t\t\t\t<h2 class=\"elementor-heading-title elementor-size-default\">Nicole Stirnberg M.A.<\/h2>\t\t\t\t<\/div>\n\t\t\t\t<\/div>\n\t\t\t\t<div class=\"elementor-element elementor-element-e560dea elementor-widget elementor-widget-text-editor\" data-id=\"e560dea\" data-element_type=\"widget\" data-widget_type=\"text-editor.default\">\n\t\t\t\t<div class=\"elementor-widget-container\">\n\t\t\t\t\t\t\t\t\t<p><em>Scientific assistant<\/em><\/p>\t\t\t\t\t\t\t\t<\/div>\n\t\t\t\t<\/div>\n\t\t\t\t<div class=\"elementor-element elementor-element-693ab4d elementor-widget elementor-widget-text-editor\" data-id=\"693ab4d\" data-element_type=\"widget\" data-widget_type=\"text-editor.default\">\n\t\t\t\t<div class=\"elementor-widget-container\">\n\t\t\t\t\t\t\t\t\t<ul><li>Customer support (content-related)<\/li><li>Appointment management and event preparation (content-related)<\/li><li>Research and editorial work on publications<\/li><\/ul>\t\t\t\t\t\t\t\t<\/div>\n\t\t\t\t<\/div>\n\t\t\t\t<div class=\"elementor-element elementor-element-b404d86 elementor-widget elementor-widget-text-editor\" data-id=\"b404d86\" data-element_type=\"widget\" data-widget_type=\"text-editor.default\">\n\t\t\t\t<div class=\"elementor-widget-container\">\n\t\t\t\t\t\t\t\t\t<p><em>Werdegang:<\/em> Mehr als 20 Jahre Erfahrung in Hochschulen und Wissenschaftsorganisationen in verschiedenen europ\u00e4ischen L\u00e4ndern. Magister in Literaturwissenschaft, Deutsch als Fremdsprache, Osteurop\u00e4ische Studien, Universit\u00e4t Bielefeld.<\/p>\t\t\t\t\t\t\t\t<\/div>\n\t\t\t\t<\/div>\n\t\t\t\t\t<\/div>\n\t\t<\/div>\n\t\t\t\t\t<\/div>\n\t\t<\/section>\n\t\t\t\t<section class=\"elementor-section elementor-top-section elementor-element elementor-element-25d78ca elementor-section-boxed elementor-section-height-default elementor-section-height-default\" data-id=\"25d78ca\" data-element_type=\"section\">\n\t\t\t\t\t\t<div class=\"elementor-container elementor-column-gap-default\">\n\t\t\t\t\t<div class=\"elementor-column elementor-col-100 elementor-top-column elementor-element elementor-element-293b194\" data-id=\"293b194\" data-element_type=\"column\">\n\t\t\t<div class=\"elementor-widget-wrap elementor-element-populated\">\n\t\t\t\t\t\t<div class=\"elementor-element elementor-element-53bda4b elementor-widget elementor-widget-heading\" data-id=\"53bda4b\" data-element_type=\"widget\" data-widget_type=\"heading.default\">\n\t\t\t\t<div class=\"elementor-widget-container\">\n\t\t\t\t\t<h2 class=\"elementor-heading-title elementor-size-default\">Inga Wollenschein<\/h2>\t\t\t\t<\/div>\n\t\t\t\t<\/div>\n\t\t\t\t<div class=\"elementor-element elementor-element-ce0315b elementor-widget elementor-widget-text-editor\" data-id=\"ce0315b\" data-element_type=\"widget\" data-widget_type=\"text-editor.default\">\n\t\t\t\t<div class=\"elementor-widget-container\">\n\t\t\t\t\t\t\t\t\t<p><em>Office manager<\/em><\/p>\t\t\t\t\t\t\t\t<\/div>\n\t\t\t\t<\/div>\n\t\t\t\t<div class=\"elementor-element elementor-element-8001645 elementor-widget elementor-widget-text-editor\" data-id=\"8001645\" data-element_type=\"widget\" data-widget_type=\"text-editor.default\">\n\t\t\t\t<div class=\"elementor-widget-container\">\n\t\t\t\t\t\t\t\t\t<ul><li>Customer support and event preparation (organizational)<\/li><li>Travel planning<\/li><\/ul>\t\t\t\t\t\t\t\t<\/div>\n\t\t\t\t<\/div>\n\t\t\t\t<div class=\"elementor-element elementor-element-d3b62e5 elementor-widget elementor-widget-text-editor\" data-id=\"d3b62e5\" data-element_type=\"widget\" data-widget_type=\"text-editor.default\">\n\t\t\t\t<div class=\"elementor-widget-container\">\n\t\t\t\t\t\t\t\t\t<p><em>Werdegang:<\/em> Mehr als 20 Jahre Erfahrung in Kundenbetreuung und B\u00fcromanagement, Ausbildung als Kauffrau f\u00fcr Verkehrsservice.<\/p>\t\t\t\t\t\t\t\t<\/div>\n\t\t\t\t<\/div>\n\t\t\t\t\t<\/div>\n\t\t<\/div>\n\t\t\t\t\t<\/div>\n\t\t<\/section>\n\t\t\t\t<section class=\"elementor-section elementor-top-section elementor-element elementor-element-d51f9d2 elementor-section-boxed elementor-section-height-default elementor-section-height-default\" data-id=\"d51f9d2\" data-element_type=\"section\">\n\t\t\t\t\t\t<div class=\"elementor-container elementor-column-gap-default\">\n\t\t\t\t\t<div class=\"elementor-column elementor-col-100 elementor-top-column elementor-element elementor-element-05b6821\" data-id=\"05b6821\" data-element_type=\"column\">\n\t\t\t<div class=\"elementor-widget-wrap elementor-element-populated\">\n\t\t\t\t\t\t<div class=\"elementor-element elementor-element-aa1dd9c elementor-widget elementor-widget-heading\" data-id=\"aa1dd9c\" data-element_type=\"widget\" data-widget_type=\"heading.default\">\n\t\t\t\t<div class=\"elementor-widget-container\">\n\t\t\t\t\t<h2 class=\"elementor-heading-title elementor-size-default\">Mitarbeiterin B\u00fcromanagement<\/h2>\t\t\t\t<\/div>\n\t\t\t\t<\/div>\n\t\t\t\t<div class=\"elementor-element elementor-element-accc532 elementor-widget elementor-widget-text-editor\" data-id=\"accc532\" data-element_type=\"widget\" data-widget_type=\"text-editor.default\">\n\t\t\t\t<div class=\"elementor-widget-container\">\n\t\t\t\t\t\t\t\t\t<p><em>Gr\u00fcnderin und gesch\u00e4ftsf\u00fchrende Gesellschafterin von Scholz CTC GmbH<\/em><\/p>\t\t\t\t\t\t\t\t<\/div>\n\t\t\t\t<\/div>\n\t\t\t\t<div class=\"elementor-element elementor-element-e875fcf elementor-widget elementor-widget-text-editor\" data-id=\"e875fcf\" data-element_type=\"widget\" data-widget_type=\"text-editor.default\">\n\t\t\t\t<div class=\"elementor-widget-container\">\n\t\t\t\t\t\t\t\t\t<ul><li>Preparation of quotations<\/li><li>Invoicing<\/li><\/ul>\t\t\t\t\t\t\t\t<\/div>\n\t\t\t\t<\/div>\n\t\t\t\t<div class=\"elementor-element elementor-element-6d0402f elementor-widget elementor-widget-text-editor\" data-id=\"6d0402f\" data-element_type=\"widget\" data-widget_type=\"text-editor.default\">\n\t\t\t\t<div class=\"elementor-widget-container\">\n\t\t\t\t\t\t\t\t\t<p><em>Werdegang:<\/em> Mehr als 30 Jahre Erfahrung im Wissenschaftsmanagement in Hochschule, au\u00dfer-universit\u00e4rer Forschung und Forschungsf\u00f6rderung, Ausbildung als Verwaltungsangestellte.<\/p>\t\t\t\t\t\t\t\t<\/div>\n\t\t\t\t<\/div>\n\t\t\t\t\t<\/div>\n\t\t<\/div>\n\t\t\t\t\t<\/div>\n\t\t<\/section>\n\t\t\t\t<section class=\"elementor-section elementor-top-section elementor-element elementor-element-1b2ab83 elementor-section-boxed elementor-section-height-default elementor-section-height-default\" data-id=\"1b2ab83\" data-element_type=\"section\">\n\t\t\t\t\t\t<div class=\"elementor-container elementor-column-gap-default\">\n\t\t\t\t\t<div class=\"elementor-column elementor-col-100 elementor-top-column elementor-element elementor-element-60fb70b\" data-id=\"60fb70b\" data-element_type=\"column\">\n\t\t\t<div class=\"elementor-widget-wrap elementor-element-populated\">\n\t\t\t\t\t\t<div class=\"elementor-element elementor-element-e5ce4ef elementor-widget elementor-widget-spacer\" data-id=\"e5ce4ef\" data-element_type=\"widget\" data-widget_type=\"spacer.default\">\n\t\t\t\t<div class=\"elementor-widget-container\">\n\t\t\t\t\t\t\t<div class=\"elementor-spacer\">\n\t\t\t<div class=\"elementor-spacer-inner\"><\/div>\n\t\t<\/div>\n\t\t\t\t\t\t<\/div>\n\t\t\t\t<\/div>\n\t\t\t\t\t<\/div>\n\t\t<\/div>\n\t\t\t\t\t<\/div>\n\t\t<\/section>\n\t\t\t\t<\/div>","protected":false},"excerpt":{"rendered":"<p>Massa sed elementum tempus egestas sed sed risus. Risus at ultrices mi tempus imperdiet nulla malesuada pellentesque elit.<\/p>","protected":false},"author":1,"featured_media":0,"parent":0,"menu_order":0,"comment_status":"closed","ping_status":"closed","template":"","meta":{"footnotes":""},"class_list":["post-520","page","type-page","status-publish","hentry"],"blocksy_meta":{"page_title_panel":"","has_hero_section":"disabled","8dde94b88eca81613eaf41e6e63df8f3":"","hero_section":"type-1","hero_elements":[{"id":"custom_title","enabled":true},{"id":"breadcrumbs","enabled":false},{"id":"custom_description","enabled":true,"description_visibility":{"desktop":true,"tablet":true,"mobile":false}},{"id":"custom_meta","enabled":true,"single_meta_elements":{"author":false,"date":false,"categories":false,"comments":false,"updated":false,"tags":false},"page_meta_elements":{"joined":true,"articles_count":true,"comments":true}}],"b57ca4d32122654dfac08b0b6ccf6716":"","hero_alignment1":"left","hero_alignment2":"center","hero_height":"230px","page_title_bg_type":"color","custom_hero_background":{"attachment_id":null},"parallax":{"desktop":false,"tablet":false,"mobile":false},"pageTitleFont":{"family":"Default","variation":"Default","size":{"desktop":"32px","tablet":"30px","mobile":"25px"},"line-height":"1.3","letter-spacing":"CT_CSS_SKIP_RULE","text-transform":"CT_CSS_SKIP_RULE","text-decoration":"CT_CSS_SKIP_RULE"},"pageTitleFontColor":{"default":{"color":"CT_CSS_SKIP_RULEDEFAULT"}},"pageMetaFont":{"family":"Default","variation":"n6","size":{"desktop":"12px","tablet":"12px","mobile":"12px"},"line-height":"1.3","letter-spacing":"CT_CSS_SKIP_RULE","text-transform":"uppercase","text-decoration":"CT_CSS_SKIP_RULE"},"pageMetaFontColor":{"default":{"color":"CT_CSS_SKIP_RULEDEFAULT"},"hover":{"color":"CT_CSS_SKIP_RULEDEFAULT"}},"pageExcerptFont":{"family":"Default","variation":"n5","size":"CT_CSS_SKIP_RULE","line-height":"CT_CSS_SKIP_RULE","letter-spacing":"CT_CSS_SKIP_RULE","text-transform":"CT_CSS_SKIP_RULE","text-decoration":"CT_CSS_SKIP_RULE"},"pageExcerptColor":{"default":{"color":"CT_CSS_SKIP_RULEDEFAULT"}},"breadcrumbsFont":{"family":"Default","variation":"n6","size":"12px","line-height":"CT_CSS_SKIP_RULE","letter-spacing":"CT_CSS_SKIP_RULE","text-transform":"uppercase","text-decoration":"CT_CSS_SKIP_RULE"},"breadcrumbsFontColor":{"default":{"color":"CT_CSS_SKIP_RULEDEFAULT"},"initial":{"color":"CT_CSS_SKIP_RULEDEFAULT"},"hover":{"color":"CT_CSS_SKIP_RULEDEFAULT"}},"pageTitleOverlay":{"default":{"color":"rgba(41, 51, 60, 0.2)"}},"pageTitleBackground":{"background_type":"color","background_pattern":"type-1","background_image":{"attachment_id":null,"x":0,"y":0},"background_repeat":"no-repeat","background_size":"auto","background_attachment":"scroll","patternColor":{"default":{"color":"#e5e7ea"}},"backgroundColor":{"default":{"color":"#EDEFF2"}}},"30bd3d82d44c93ff512d385983934a8d":"","page_structure_type":"default","page_enable_vertical_spacing":"no","918019aae6b81bb57706ceeb2d06236b":"","disable_featured_image":"no","73fc40c930f9a5400d833b8700298f2f":"","d36a9c10c230eaf6c86b3a0408a49909":"","hero_structure":"narrow","9858ffa93290afa8ac31a0a3802db0eb":"","content_style":"inherit","vertical_spacing_source":"custom","content_area_spacing":"none","background":{"background_type":"color","background_pattern":"type-1","background_image":{"attachment_id":null,"x":0,"y":0},"background_repeat":"no-repeat","background_size":"auto","background_attachment":"scroll","patternColor":{"default":{"color":"#e5e7ea"}},"backgroundColor":{"default":{"color":"CT_CSS_SKIP_RULE"}}},"content_background":{"background_type":"color","background_pattern":"type-1","background_image":{"attachment_id":null,"x":0,"y":0},"background_repeat":"no-repeat","background_size":"auto","background_attachment":"scroll","patternColor":{"default":{"color":"#e5e7ea"}},"backgroundColor":{"default":{"color":"#ffffff"}}},"content_boxed_spacing":{"desktop":"40px","tablet":"35px","mobile":"20px"},"content_boxed_radius":{"top":"3px","bottom":"3px","left":"3px","right":"3px","linked":true},"content_boxed_shadow":{"blur":18,"spread":-6,"v_offset":12,"h_offset":0,"inset":false,"enable":true,"color":{"color":"rgba(34, 56, 101, 0.04)"}},"c7e3411feaaade2bd72c8d8c1b2029c1":"","styles_descriptor":{"styles":{"desktop":"","tablet":"","mobile":""},"google_fonts":[]}},"_links":{"self":[{"href":"https:\/\/www.scholz-ctc.de\/en\/wp-json\/wp\/v2\/pages\/520","targetHints":{"allow":["GET"]}}],"collection":[{"href":"https:\/\/www.scholz-ctc.de\/en\/wp-json\/wp\/v2\/pages"}],"about":[{"href":"https:\/\/www.scholz-ctc.de\/en\/wp-json\/wp\/v2\/types\/page"}],"author":[{"embeddable":true,"href":"https:\/\/www.scholz-ctc.de\/en\/wp-json\/wp\/v2\/users\/1"}],"replies":[{"embeddable":true,"href":"https:\/\/www.scholz-ctc.de\/en\/wp-json\/wp\/v2\/comments?post=520"}],"version-history":[{"count":12,"href":"https:\/\/www.scholz-ctc.de\/en\/wp-json\/wp\/v2\/pages\/520\/revisions"}],"predecessor-version":[{"id":534,"href":"https:\/\/www.scholz-ctc.de\/en\/wp-json\/wp\/v2\/pages\/520\/revisions\/534"}],"wp:attachment":[{"href":"https:\/\/www.scholz-ctc.de\/en\/wp-json\/wp\/v2\/media?parent=520"}],"curies":[{"name":"wp","href":"https:\/\/api.w.org\/{rel}","templated":true}]}}