{"id":378,"date":"2021-09-20T16:14:46","date_gmt":"2021-09-20T14:14:46","guid":{"rendered":"https:\/\/www.scholz-ctc.de\/?page_id=378"},"modified":"2021-09-20T18:55:06","modified_gmt":"2021-09-20T16:55:06","slug":"about-us-2","status":"publish","type":"page","link":"https:\/\/www.scholz-ctc.de\/en\/about-us-2\/","title":{"rendered":"Publications"},"content":{"rendered":"<div data-elementor-type=\"wp-page\" data-elementor-id=\"378\" class=\"elementor elementor-378\">\n\t\t\t\t\t\t<section class=\"elementor-section elementor-top-section elementor-element elementor-element-0717564 ct-section-stretched elementor-section-boxed elementor-section-height-default elementor-section-height-default\" data-id=\"0717564\" data-element_type=\"section\" data-settings=\"{&quot;background_background&quot;:&quot;classic&quot;}\">\n\t\t\t\t\t\t\t<div class=\"elementor-background-overlay\"><\/div>\n\t\t\t\t\t\t\t<div class=\"elementor-container elementor-column-gap-default\">\n\t\t\t\t\t<div class=\"elementor-column elementor-col-100 elementor-top-column elementor-element elementor-element-fd58751\" data-id=\"fd58751\" data-element_type=\"column\">\n\t\t\t<div class=\"elementor-widget-wrap elementor-element-populated\">\n\t\t\t\t\t\t<div class=\"elementor-element elementor-element-be03177 elementor-widget elementor-widget-heading\" data-id=\"be03177\" data-element_type=\"widget\" data-widget_type=\"heading.default\">\n\t\t\t\t<div class=\"elementor-widget-container\">\n\t\t\t\t\t<h2 class=\"elementor-heading-title elementor-size-default\">Publications<\/h2>\t\t\t\t<\/div>\n\t\t\t\t<\/div>\n\t\t\t\t<div class=\"elementor-element elementor-element-75d494f elementor-widget__width-initial elementor-widget-tablet__width-inherit elementor-widget elementor-widget-text-editor\" data-id=\"75d494f\" data-element_type=\"widget\" data-widget_type=\"text-editor.default\">\n\t\t\t\t<div class=\"elementor-widget-container\">\n\t\t\t\t\t\t\t\t\t<p>Hier finden Sie eine \u00dcbersicht \u00fcber alle unsere Ver\u00f6ffentlichungen.<\/p>\t\t\t\t\t\t\t\t<\/div>\n\t\t\t\t<\/div>\n\t\t\t\t\t<\/div>\n\t\t<\/div>\n\t\t\t\t\t<\/div>\n\t\t<\/section>\n\t\t\t\t<section class=\"elementor-section elementor-top-section elementor-element elementor-element-be6a58f elementor-section-boxed elementor-section-height-default elementor-section-height-default\" data-id=\"be6a58f\" data-element_type=\"section\">\n\t\t\t\t\t\t<div class=\"elementor-container elementor-column-gap-default\">\n\t\t\t\t\t<div class=\"elementor-column elementor-col-100 elementor-top-column elementor-element elementor-element-cecf74c\" data-id=\"cecf74c\" data-element_type=\"column\">\n\t\t\t<div class=\"elementor-widget-wrap elementor-element-populated\">\n\t\t\t\t\t\t<div class=\"elementor-element elementor-element-747d90a elementor-widget elementor-widget-text-editor\" data-id=\"747d90a\" data-element_type=\"widget\" data-widget_type=\"text-editor.default\">\n\t\t\t\t<div class=\"elementor-widget-container\">\n\t\t\t\t\t\t\t\t\t<ul>\n<li>Beate Scholz; Matthias Scholz: Pr\u00e4vention sexualisierter Gewalt in<br \/>Wissenschaft und Forschung. Strategien und Umsetzungsschritte, in:<br \/>Personal in Hochschule und Wissenschaft entwickeln, 3\/2021<\/li>\n<li>Conor O\u2019Carroll; Beate Scholz: National Quality Framework for<br \/>Doctoral Training in Luxembourg \u2013 External Assessment Report, Luxembourg<br \/>2019<\/li>\n<li>Beate Scholz: Was Postdocs brauchen \u2013 F\u00fcnf Thesen zur<br \/>Personalentwicklung von Promovierten, in: Personal in Hochschule und<br \/>Wissenschaft entwickeln 3\/2018, S. 31-45<\/li>\n<li>Beate Scholz: Creating Equal Playing Fields. How to Foster<br \/>International Competitiveness through Better Gender Balance in Research<br \/>and Higher Education, in: Handbook Internationalisation of Higher<br \/>Education C 4.2, 3\/2017, pp. 55-92.<\/li>\n<li>Beate Scholz; David Bogle: Truth in Research, in: Times Higher Education, 22 December 2016.<\/li>\n<li>Karine F. Briand, Ulrike Kohl (eds.), Beate Scholz (contributor):<br \/>Marie Sk\u0142odowska Curie Conference 2015 \u2013 COFUND Final Report: Synergies<br \/>to Fuel Researchers\u2019 Careers, Luxembourg 2016.<\/li>\n<li>Beate Scholz: Die Zukunft der Reform, in: Merkur. Deutsche<br \/>Zeitschrift f\u00fcr europ\u00e4isches Denken, 69. Jahrgang, Juni 2015, S. 90-98.<\/li>\n<li>B\u00e4rbel Elija Bleher, Hans Peter Schmid &amp; Beate Scholz (2015).<br \/>Self-imposed evaluation of the Helmholtz Research School MICMoR as a<br \/>tool for quality assurance and advancement of a structured graduate<br \/>programme. Geophysical Research Abstracts Vol. 17, EGU2015-10387, EGU<br \/>General Assembly 2015.<\/li>\n<li>European Science Foundation: Career Tracking of Doctorate Holders,<br \/>(Authors: Siobhan Phillips, Beate Scholz, Rhona-Heywood-Roos, Maria<br \/>Manuela Nogueira), Strasbourg 2015.<\/li>\n<li>Beate Scholz: Der Einblick von au\u00dfen: Fachferne Begutachtung, in: duz \u2013 das unabh\u00e4ngige Hochschulmagazin, 03\/2015, S. 69-71<\/li>\n<li>Louis Maheu, Beate Scholz, Jorge Bal\u00e1n, Jessica K. Graybill, Richard<br \/>Strugnell: Doctoral Education as an Element of Cultural and Economic<br \/>Prosperity. Nation Building in the Era of Globalization, in: Maresi<br \/>Nerad, Barbara Evans (eds.): Globalization and Its Impacts on the<br \/>Quality of PhD Education. Forces and Forms in Doctoral Education<br \/>Worldwide, 2014 (Outstanding Publication Award 2015 by the American<br \/>Educational Research Association)<\/li>\n<li>Beate Scholz: Promovieren in Deutschland \u2013 Kontext, Entwicklungen<br \/>und Perspektiven, in Isolde von B\u00fclow (Hg.): Nachwuchsf\u00f6rderung in der<br \/>Wissenschaft. Best-Practice-Modelle zum Promotionsgeschehen \u2013<br \/>Strategien, Konzepte, Strukturen, Berlin\/Heidelberg 2014, S. 3-15.<\/li>\n<li>Maresi Nerad, Beate Scholz, Roshada Hashim: Forces and Forms of<br \/>Change in Doctoral Education Worldwide and Their Impact on South-East<br \/>Asia, Penang, Malaysia 2013<\/li>\n<li>European Science Foundation Science Policy Briefing No. 49 (Authors:<br \/>Hans Borchgrevink, Beate Scholz): New Concepts of Researcher Mobility \u2013<br \/>a comprehensive approach including combined\/part-time positions,<br \/>Strasbourg 2013<\/li>\n<li>European Science Foundation Member Organisation Forum \u2018European<br \/>Alliance on Research Career Development\u2019 (Author: Beate Scholz):<br \/>Developing Research Careers In and Beyond Europe. Enabling, Observing,<br \/>Guiding and Going Global, Strasbourg 2012.<\/li>\n<li>European Science Foundation\/Fonds National de la Recherche<br \/>Luxembourg (Ulrike Kohl, Beate Scholz, Ingrid Zantis (eds.)): How to<br \/>track researchers\u2019 careers \u2013 Joint ESF-FNR Workshop Report,<br \/>Luxembourg\/Strasbourg 2012<\/li>\n<li>European Commission Expert Group on the Research Profession (Beate<br \/>Scholz, contributor): Excellence, Equality and Entrepreneurialism \u2013<br \/>Building Sustainable Research Careers in the European Research Area,<br \/>Brussels 20 July 2012<\/li>\n<li>European Science Foundation (Authors: Beate Scholz, Marja Makarow):<br \/>Cross-border Research Collaboration in Europe. Survey of direct<br \/>international cooperation in 2009 between European Research Funding<br \/>Organisations and Research Performing Organisations in funding, managing<br \/>and performing research, Strasbourg 2012<\/li>\n<li>European Science Foundation (Author: Beate Scholz): European<br \/>Alliance on Research Career Development. A Survey Analysis by the ESF<br \/>Member Organisation Forum, Strasbourg 2012<\/li>\n<li>Beate Scholz: 1st Evaluation of FNR&#8217;s AFR Programme, Luxembourg 2011<\/li>\n<li>Beate Scholz: Europe&#8217;s edge, in: Nature, vol. 465, 24 June 2010, p. 1007.<\/li>\n<li>European Science Foundation (Authors: Beate Scholz, Eero Vuorio,<br \/>Susanne Matuschek, Iain Cameron): Research Careers in Europe \u2013 Landscape<br \/>and Horizons, European Science Foundation, Strasbourg 2010<\/li>\n<li>Beate Scholz: Doppelkarrierepaare im Europ\u00e4ischen Forschungsraum \u2013<br \/>von einer nationalen Thematik zu einer europ\u00e4ischen Standortfrage, in:<br \/>Julika Funk, Elke Gramespacher, Irina Roth\u00e4usler: Dual Career Couples an<br \/>Hochschulen, Leverkusen 2010, S. 173-183<\/li>\n<li>European Heads of Research Council (Author: Beate Scholz): Cross-border Research Cooperation in Europe, Bern 2009<\/li>\n<li>Beate Scholz, Hochschulkarriere im Jahr 2010 \u2013 Utopie oder<br \/>Realit\u00e4t?, in: Lidia Guzy, Anja Mihr, Rajah Scheepers (Hg.),Wohin mit<br \/>uns? Wissenschaftlerinnen und Wissenschaftler der Zukunft,<br \/>Frankfurt\/Main 2009.<\/li>\n<li>Beate Scholz, Internationalisation of Doctoral Education. Research<br \/>Training in an era of globalisation, in: Michael Gaebel, Lewis Purser,<br \/>Bernd Waechter, Lesley Wilson (eds.), Internationalisation of European<br \/>Higher Education, C 2.1, S. 1-30, Berlin 2009.<\/li>\n<li>Beate Scholz, Wege zu einer wissenschaftlichen Karriere. Programme<br \/>zur Qualifizierung nach der Promotion, in: Brigitte Tag, Christian<br \/>Berthold, Hans H. Seidler (Hg.), Handbuch Praxis<br \/>Wissenschaftsfinanzierung, Berlin 2008, B 2.5, S. 1-22.<\/li>\n<li>Beate Scholz, Es bleibt viel zu tun, in: duz SPECIAL, Karrierewege<br \/>in der Hochschulmedizin, Beilage zur duz \u2013 das unabh\u00e4ngige<br \/>Hochschulmagazin, 22.2.2008, S. 29-31.<\/li>\n<li>Beate Scholz, The European Young Investigator Award \u2013 a Pioneering<br \/>Program, in: Czech Science Foundation (Hg.), Proceedings of the<br \/>Conference Peer Review its Present and its Future State, 12-13 October<br \/>2006, Prague, Czech Republik, Prague 2007, pp. 126-133.<\/li>\n<li>Beate Scholz, Auswahl und Zulassung \u2013 ein Gesch\u00e4ft auf<br \/>Gegenseitigkeit, in: HRK (Hg.), Quo vadis Promotion?<br \/>Doktorandenausbildung in Deutschland im Spiegel internationaler<br \/>Erfahrungen, Bonn 2007, S. 71-77.<\/li>\n<li>Beate Scholz, Mit Emmy Noether auf dem Weg zur Professur, in:<br \/>Deutsche Medizinische Wochenschrift Jg. 131 (2006), Heft 7 vom 17.<br \/>Februar 2006, S. 309.<\/li>\n<li>Beate Scholz, Ein Pl\u00e4doyer f\u00fcr die Selbst\u00e4ndigkeit. Situation und<br \/>Perspektive des wissenschaftlichen Nachwuchses, in:<br \/>Wissenschaftsmanagement. Zeitschrift f\u00fcr Innovation 11 (2005), S. 30-36.<\/li>\n<li>Beate Scholz, Vier Thesen zur Personalentwicklung in der<br \/>Wissenschaft \u2013 aus der Sicht einer Forschungsf\u00f6rderorganisation, in:<br \/>Rudolf Fischer, Stefan Koch (Hg.), Human Resources in Hochschule und<br \/>Forschung. Leistungsprozesse \u2013 Strategien \u2013 Entwicklung, Bonn 2005, S.<br \/>137-151.<\/li>\n<li>Beate Scholz, Noch viel zu tun. Zur F\u00f6rderung von<br \/>\u201eDoppelkarrierepaaren\u201c in der Wissenschaft, in: Forschung &amp; Lehre 7<br \/>(2005), S. 356.<\/li>\n<li>Beate Scholz, Die Promotionsf\u00f6rderung an Hochschulen durch<br \/>Graduiertenzentren attraktiver machen, in: Gerd K\u00f6hler, Claudia<br \/>Kleinw\u00e4chter (Hg.), \u201eBologna-Universit\u00e4ten?\u201c. \u00dcber Umfang und Struktur<br \/>des Terti\u00e4ren Bereichs in Deutschland, Frankfurt 2005, S. 266-271.<\/li>\n<li>Beate Scholz (Bearb.), Strukturiert Promovieren in Deutschland.<br \/>Dokumentation eines Symposiums. Standpunkte, hrsg. von der Deutschen<br \/>Forschungsgemeinschaft, Weinheim 2004.<\/li>\n<li>Beate Scholz, Kommentar zu Enders\/Mugabushaka: Wissenschaft und<br \/>Karriere \u2013 Erfahrungen und Werdeg\u00e4nge ehemaliger Stipendiaten der DFG,<br \/>in: Deutsche Forschungsgemeinschaft (Hg.), Wegbereiter einer<br \/>wissenschaftlichen Karriere: DFG-Stipendienf\u00f6rderung f\u00fcr Postdocs, Bonn<br \/>2004.<\/li>\n<li>Beate Scholz, Mit der Juniorprofessur zum DFG-Drittmittelerfolg, in:<br \/>duz SPECIAL, Juniorprofessur. \u2026f\u00fcr eine exzellente Zukunft von<br \/>Forschung und Lehre in Deutschland, Beilage zur duz \u2013 das unabh\u00e4ngige<br \/>Hochschulmagazin, 5.11.2004, S. 18.<\/li>\n<li>Beate Scholz, Wissenschaftliche Karriere in Deutschland. Beitrag der<br \/>DFG zur Sicherung der Nachwuchskette, in: Hochschule innovativ, Ausgabe<br \/>12, Februar 2004, S. 12f.<\/li>\n<li>Beate Scholz, Perspektiven f\u00fcr Wissenschaftler in Europa \u2013 Schl\u00fcsse<br \/>aus einem ersten europ\u00e4ischen Benchmarking, in: Kowi aktuell, Nr. 53,<br \/>23. M\u00e4rz 2003, S. 9-12.<\/li>\n<li>Beate Scholz, Konzepte und Strategien der Deutschen<br \/>Forschungsgemeinschaft f\u00fcr die Nachwuchsf\u00f6rderung, in: Beitr\u00e4ge zur<br \/>Hochschulforschung 25 (2003), S. 74-83.<\/li>\n<li>Beate Scholz (Co-author), in: European Commission.<br \/>Directorate-General for Research, Benchmarking National Research<br \/>Policies, Human Resources in Research and Technological Development,<br \/>including Attractiveness of S &amp; T Professions (HR), Brussels 2002,<br \/>S. 11-20.<\/li>\n<li>Beate Scholz, DFG-Wege zur Wissenschaft in Deutschland, in: Eberhard<br \/>Demm (Hg.), Deutscher Brain Drain, europ\u00e4ische Hochschulsysteme und<br \/>Hochschulreform, Bonn 2002, S. 183-193.<\/li>\n<li>Beate Scholz: Italienischer Faschismus als \u201aExport\u2019-Artikel<br \/>(1927-1935). Ideologische und organisatorische Ans\u00e4tze zur Verbreitung<br \/>des Faschismus im Ausland, Trier 2001.<\/li>\n<\/ul>\t\t\t\t\t\t\t\t<\/div>\n\t\t\t\t<\/div>\n\t\t\t\t\t<\/div>\n\t\t<\/div>\n\t\t\t\t\t<\/div>\n\t\t<\/section>\n\t\t\t\t<\/div>","protected":false},"excerpt":{"rendered":"<p>Massa sed elementum tempus egestas sed sed risus. Risus at ultrices mi tempus imperdiet nulla malesuada pellentesque elit.<\/p>","protected":false},"author":1,"featured_media":0,"parent":0,"menu_order":0,"comment_status":"closed","ping_status":"closed","template":"","meta":{"footnotes":""},"class_list":["post-378","page","type-page","status-publish","hentry"],"blocksy_meta":{"page_title_panel":"","has_hero_section":"disabled","8dde94b88eca81613eaf41e6e63df8f3":"","hero_section":"type-1","hero_elements":[{"id":"custom_title","enabled":true},{"id":"breadcrumbs","enabled":false},{"id":"custom_description","enabled":true,"description_visibility":{"desktop":true,"tablet":true,"mobile":false}},{"id":"custom_meta","enabled":true,"single_meta_elements":{"author":false,"date":false,"categories":false,"comments":false,"updated":false,"tags":false},"page_meta_elements":{"joined":true,"articles_count":true,"comments":true}}],"b57ca4d32122654dfac08b0b6ccf6716":"","hero_alignment1":"left","hero_alignment2":"center","hero_height":"230px","page_title_bg_type":"color","custom_hero_background":{"attachment_id":null},"parallax":{"desktop":false,"tablet":false,"mobile":false},"pageTitleFont":{"family":"Default","variation":"Default","size":{"desktop":"32px","tablet":"30px","mobile":"25px"},"line-height":"1.3","letter-spacing":"CT_CSS_SKIP_RULE","text-transform":"CT_CSS_SKIP_RULE","text-decoration":"CT_CSS_SKIP_RULE"},"pageTitleFontColor":{"default":{"color":"CT_CSS_SKIP_RULEDEFAULT"}},"pageMetaFont":{"family":"Default","variation":"n6","size":{"desktop":"12px","tablet":"12px","mobile":"12px"},"line-height":"1.3","letter-spacing":"CT_CSS_SKIP_RULE","text-transform":"uppercase","text-decoration":"CT_CSS_SKIP_RULE"},"pageMetaFontColor":{"default":{"color":"CT_CSS_SKIP_RULEDEFAULT"},"hover":{"color":"CT_CSS_SKIP_RULEDEFAULT"}},"pageExcerptFont":{"family":"Default","variation":"n5","size":"CT_CSS_SKIP_RULE","line-height":"CT_CSS_SKIP_RULE","letter-spacing":"CT_CSS_SKIP_RULE","text-transform":"CT_CSS_SKIP_RULE","text-decoration":"CT_CSS_SKIP_RULE"},"pageExcerptColor":{"default":{"color":"CT_CSS_SKIP_RULEDEFAULT"}},"breadcrumbsFont":{"family":"Default","variation":"n6","size":"12px","line-height":"CT_CSS_SKIP_RULE","letter-spacing":"CT_CSS_SKIP_RULE","text-transform":"uppercase","text-decoration":"CT_CSS_SKIP_RULE"},"breadcrumbsFontColor":{"default":{"color":"CT_CSS_SKIP_RULEDEFAULT"},"initial":{"color":"CT_CSS_SKIP_RULEDEFAULT"},"hover":{"color":"CT_CSS_SKIP_RULEDEFAULT"}},"pageTitleOverlay":{"default":{"color":"rgba(41, 51, 60, 0.2)"}},"pageTitleBackground":{"background_type":"color","background_pattern":"type-1","background_image":{"attachment_id":null,"x":0,"y":0},"background_repeat":"no-repeat","background_size":"auto","background_attachment":"scroll","patternColor":{"default":{"color":"#e5e7ea"}},"backgroundColor":{"default":{"color":"#EDEFF2"}}},"30bd3d82d44c93ff512d385983934a8d":"","page_structure_type":"default","page_enable_vertical_spacing":"no","918019aae6b81bb57706ceeb2d06236b":"","disable_featured_image":"no","73fc40c930f9a5400d833b8700298f2f":"","d36a9c10c230eaf6c86b3a0408a49909":"","hero_structure":"narrow","9858ffa93290afa8ac31a0a3802db0eb":"","content_style":"inherit","vertical_spacing_source":"custom","content_area_spacing":"none","background":{"background_type":"color","background_pattern":"type-1","background_image":{"attachment_id":null,"x":0,"y":0},"background_repeat":"no-repeat","background_size":"auto","background_attachment":"scroll","patternColor":{"default":{"color":"#e5e7ea"}},"backgroundColor":{"default":{"color":"CT_CSS_SKIP_RULE"}}},"content_background":{"background_type":"color","background_pattern":"type-1","background_image":{"attachment_id":null,"x":0,"y":0},"background_repeat":"no-repeat","background_size":"auto","background_attachment":"scroll","patternColor":{"default":{"color":"#e5e7ea"}},"backgroundColor":{"default":{"color":"#ffffff"}}},"content_boxed_spacing":{"desktop":"40px","tablet":"35px","mobile":"20px"},"content_boxed_radius":{"top":"3px","bottom":"3px","left":"3px","right":"3px","linked":true},"content_boxed_shadow":{"blur":18,"spread":-6,"v_offset":12,"h_offset":0,"inset":false,"enable":true,"color":{"color":"rgba(34, 56, 101, 0.04)"}},"c7e3411feaaade2bd72c8d8c1b2029c1":"","styles_descriptor":{"styles":{"desktop":"","tablet":"","mobile":""},"google_fonts":[]}},"_links":{"self":[{"href":"https:\/\/www.scholz-ctc.de\/en\/wp-json\/wp\/v2\/pages\/378","targetHints":{"allow":["GET"]}}],"collection":[{"href":"https:\/\/www.scholz-ctc.de\/en\/wp-json\/wp\/v2\/pages"}],"about":[{"href":"https:\/\/www.scholz-ctc.de\/en\/wp-json\/wp\/v2\/types\/page"}],"author":[{"embeddable":true,"href":"https:\/\/www.scholz-ctc.de\/en\/wp-json\/wp\/v2\/users\/1"}],"replies":[{"embeddable":true,"href":"https:\/\/www.scholz-ctc.de\/en\/wp-json\/wp\/v2\/comments?post=378"}],"version-history":[{"count":11,"href":"https:\/\/www.scholz-ctc.de\/en\/wp-json\/wp\/v2\/pages\/378\/revisions"}],"predecessor-version":[{"id":405,"href":"https:\/\/www.scholz-ctc.de\/en\/wp-json\/wp\/v2\/pages\/378\/revisions\/405"}],"wp:attachment":[{"href":"https:\/\/www.scholz-ctc.de\/en\/wp-json\/wp\/v2\/media?parent=378"}],"curies":[{"name":"wp","href":"https:\/\/api.w.org\/{rel}","templated":true}]}}